{"id":146,"date":"2025-08-18T20:59:54","date_gmt":"2025-08-18T20:59:54","guid":{"rendered":"https:\/\/emoltda.com\/Emo-quirozagencia.com\/?page_id=146"},"modified":"2026-03-24T19:29:59","modified_gmt":"2026-03-24T19:29:59","slug":"servicios","status":"publish","type":"page","link":"https:\/\/emoltda.com\/Emo-quirozagencia.com\/servicios\/","title":{"rendered":"Servicios"},"content":{"rendered":"\t\t<div data-elementor-type=\"wp-page\" data-elementor-id=\"146\" class=\"elementor elementor-146\" data-elementor-post-type=\"page\">\n\t\t\t\t<div class=\"elementor-element elementor-element-1243b1c e-flex e-con-boxed e-con e-parent\" data-id=\"1243b1c\" data-element_type=\"container\" data-e-type=\"container\" data-settings=\"{&quot;background_background&quot;:&quot;classic&quot;}\">\n\t\t\t\t\t<div class=\"e-con-inner\">\n\t\t<div class=\"elementor-element elementor-element-60bb97d8 e-con-full e-flex e-con e-child\" data-id=\"60bb97d8\" data-element_type=\"container\" data-e-type=\"container\">\n\t\t\t\t<div class=\"elementor-element elementor-element-41dff1f4 elementor-invisible elementor-widget elementor-widget-heading\" data-id=\"41dff1f4\" data-element_type=\"widget\" data-e-type=\"widget\" data-settings=\"{&quot;_animation&quot;:&quot;fadeInUp&quot;}\" data-widget_type=\"heading.default\">\n\t\t\t\t\t<h1 class=\"elementor-heading-title elementor-size-default\">Servicios<\/h1>\t\t\t\t<\/div>\n\t\t\t\t<div class=\"elementor-element elementor-element-3e650d48 elementor-invisible elementor-widget elementor-widget-text-editor\" data-id=\"3e650d48\" data-element_type=\"widget\" data-e-type=\"widget\" data-settings=\"{&quot;_animation&quot;:&quot;fadeInUp&quot;}\" data-widget_type=\"text-editor.default\">\n\t\t\t\t\t\t\t\t\t<p>En EMO LTDA convertimos los desaf\u00edos t\u00e9cnicos en soluciones confiables. Nuestro equipo especializado brinda servicios con enfoque pr\u00e1ctico, cumpliendo est\u00e1ndares nacionales e internacionales para garantizar seguridad, precisi\u00f3n y resultados que perduran:<\/p>\t\t\t\t\t\t\t\t<\/div>\n\t\t\t\t<\/div>\n\t\t\t\t\t<\/div>\n\t\t\t\t<\/div>\n\t\t<div class=\"elementor-element elementor-element-f1b8025 e-grid e-con-boxed e-con e-parent\" data-id=\"f1b8025\" data-element_type=\"container\" data-e-type=\"container\">\n\t\t\t\t\t<div class=\"e-con-inner\">\n\t\t<div class=\"elementor-element elementor-element-119d4c3 e-con-full e-flex elementor-invisible e-con e-child\" data-id=\"119d4c3\" data-element_type=\"container\" data-e-type=\"container\" data-settings=\"{&quot;animation&quot;:&quot;fadeInUp&quot;}\">\n\t\t\t\t<div class=\"elementor-element elementor-element-c73d3cb elementor-widget elementor-widget-image\" data-id=\"c73d3cb\" data-element_type=\"widget\" data-e-type=\"widget\" data-widget_type=\"image.default\">\n\t\t\t\t\t\t\t\t\t\t\t\t\t\t\t<img decoding=\"async\" src=\"https:\/\/emoltda.com\/Emo-quirozagencia.com\/wp-content\/uploads\/elementor\/thumbs\/20190911_115449-scaled-rkzqnbg08gxm1n0xueo9ngf3vx4pwh4gijdkipwcj4.jpg\" title=\"20190911_115449\" alt=\"20190911_115449\" loading=\"lazy\" \/>\t\t\t\t\t\t\t\t\t\t\t\t\t\t\t<\/div>\n\t\t<div class=\"elementor-element elementor-element-e6a371a e-con-full e-flex e-con e-child\" data-id=\"e6a371a\" data-element_type=\"container\" data-e-type=\"container\" data-settings=\"{&quot;position&quot;:&quot;absolute&quot;}\">\n\t\t<div class=\"elementor-element elementor-element-a599990 e-con-full e-flex e-con e-child\" data-id=\"a599990\" data-element_type=\"container\" data-e-type=\"container\" data-settings=\"{&quot;background_background&quot;:&quot;classic&quot;}\">\n\t\t\t\t<div class=\"elementor-element elementor-element-5310ab6 elementor-widget elementor-widget-heading\" data-id=\"5310ab6\" data-element_type=\"widget\" data-e-type=\"widget\" data-widget_type=\"heading.default\">\n\t\t\t\t\t<h5 class=\"elementor-heading-title elementor-size-default\"><a href=\"#\">Sistema de filtraci\u00f3n industrial<\/a><\/h5>\t\t\t\t<\/div>\n\t\t\t\t\t\t\t\t<p class=\"e-d036d84-450a857 e-paragraph-base\" data-interaction-id=\"d036d84\" data-interactions=\"&#x5B;&#x5D;\"  >\n\t\t\t\t\t\t\t\tRepresentantes exclusivos en Colombia de FILTRATION SYSTEMS INC. Sistemas de filtraci\u00f3n para gas, aire, agua, hidrocarburos y combustibles, con tecnolog\u00edas coalescente, oleof\u00edlica, hidrof\u00f3bica y centr\u00edfuga, alta presi\u00f3n y filtros de reemplazo para todas las marcas.\n\t\t\t\t\t<\/p>\n\t\t\t\t<\/div>\n\t\t\t\t<\/div>\n\t\t\t\t<\/div>\n\t\t<div class=\"elementor-element elementor-element-7f3296d e-con-full e-flex elementor-invisible e-con e-child\" data-id=\"7f3296d\" data-element_type=\"container\" data-e-type=\"container\" data-settings=\"{&quot;animation&quot;:&quot;fadeInUp&quot;,&quot;animation_delay&quot;:200}\">\n\t\t\t\t<div class=\"elementor-element elementor-element-090bb52 elementor-widget elementor-widget-image\" data-id=\"090bb52\" data-element_type=\"widget\" data-e-type=\"widget\" data-widget_type=\"image.default\">\n\t\t\t\t\t\t\t\t\t\t\t\t\t\t\t<img decoding=\"async\" src=\"https:\/\/emoltda.com\/Emo-quirozagencia.com\/wp-content\/uploads\/elementor\/thumbs\/IMG_0156-rkzsj5gpg1sjwkhrqq90lc6n6ysbe4f3ua91blbjhs.jpeg\" title=\"IMG_0156\" alt=\"IMG_0156\" loading=\"lazy\" \/>\t\t\t\t\t\t\t\t\t\t\t\t\t\t\t<\/div>\n\t\t<div class=\"elementor-element elementor-element-11fd588 e-con-full e-flex e-con e-child\" data-id=\"11fd588\" data-element_type=\"container\" data-e-type=\"container\" data-settings=\"{&quot;position&quot;:&quot;absolute&quot;}\">\n\t\t<div class=\"elementor-element elementor-element-2488ca3 e-con-full e-flex e-con e-child\" data-id=\"2488ca3\" data-element_type=\"container\" data-e-type=\"container\" data-settings=\"{&quot;background_background&quot;:&quot;classic&quot;}\">\n\t\t\t\t<div class=\"elementor-element elementor-element-238a1e2 elementor-widget elementor-widget-heading\" data-id=\"238a1e2\" data-element_type=\"widget\" data-e-type=\"widget\" data-widget_type=\"heading.default\">\n\t\t\t\t\t<h5 class=\"elementor-heading-title elementor-size-default\"><a href=\"#\">Tapas de apertura r\u00e1pida certificadas<\/a><\/h5>\t\t\t\t<\/div>\n\t\t\t\t\t\t\t\t<p class=\"e-adf358a-f84b871 e-paragraph-base\" data-interaction-id=\"adf358a\" data-interactions=\"&#x5B;&#x5D;\"  >\n\t\t\t\t\t\t\t\tDise\u00f1adas para operaci\u00f3n segura y eficiente en sistemas presurizados, con mecanismos de apertura r\u00e1pida y alta confiabilidad operativa.\n\t\t\t\t\t<\/p>\n\t\t\t\t<\/div>\n\t\t\t\t<\/div>\n\t\t\t\t<\/div>\n\t\t\t\t\t<\/div>\n\t\t\t\t<\/div>\n\t\t<div class=\"elementor-element elementor-element-ede4487 e-flex e-con-boxed e-con e-parent\" data-id=\"ede4487\" data-element_type=\"container\" data-e-type=\"container\" data-settings=\"{&quot;background_background&quot;:&quot;classic&quot;}\">\n\t\t\t\t\t<div class=\"e-con-inner\">\n\t\t<div class=\"elementor-element elementor-element-39aca01e e-con-full e-flex e-con e-child\" data-id=\"39aca01e\" data-element_type=\"container\" data-e-type=\"container\">\n\t\t<div class=\"elementor-element elementor-element-217b21a7 e-con-full e-flex elementor-invisible e-con e-child\" data-id=\"217b21a7\" data-element_type=\"container\" data-e-type=\"container\" data-settings=\"{&quot;animation&quot;:&quot;fadeInUp&quot;}\">\n\t\t\t\t<div class=\"elementor-element elementor-element-667e0d67 elementor-widget elementor-widget-image\" data-id=\"667e0d67\" data-element_type=\"widget\" data-e-type=\"widget\" data-widget_type=\"image.default\">\n\t\t\t\t\t\t\t\t\t\t\t\t\t\t\t<img decoding=\"async\" src=\"https:\/\/emoltda.com\/Emo-quirozagencia.com\/wp-content\/uploads\/elementor\/thumbs\/IMG_8716-rkzry2wy8qy5n93ls4d375lnt0n3udrpxzs71ak8z4.jpeg\" title=\"IMG_8716\" alt=\"IMG_8716\" loading=\"lazy\" \/>\t\t\t\t\t\t\t\t\t\t\t\t\t\t\t<\/div>\n\t\t<div class=\"elementor-element elementor-element-555cb71 e-con-full e-flex e-con e-child\" data-id=\"555cb71\" data-element_type=\"container\" data-e-type=\"container\" data-settings=\"{&quot;position&quot;:&quot;absolute&quot;}\">\n\t\t<div class=\"elementor-element elementor-element-7afa33c e-con-full e-flex e-con e-child\" data-id=\"7afa33c\" data-element_type=\"container\" data-e-type=\"container\" data-settings=\"{&quot;background_background&quot;:&quot;classic&quot;}\">\n\t\t\t\t<div class=\"elementor-element elementor-element-6fe33a1f elementor-widget elementor-widget-heading\" data-id=\"6fe33a1f\" data-element_type=\"widget\" data-e-type=\"widget\" data-widget_type=\"heading.default\">\n\t\t\t\t\t<h5 class=\"elementor-heading-title elementor-size-default\"><a href=\"#\">Fabricaci\u00f3n y mantenimiento <br>de recipientes <br>a presi\u00f3n<\/a><\/h5>\t\t\t\t<\/div>\n\t\t\t\t\t\t\t\t<p class=\"e-c2d50ac-4b736ed e-paragraph-base\" data-interaction-id=\"c2d50ac\" data-interactions=\"&#x5B;&#x5D;\"  >\n\t\t\t\t\t\t\t\tDise\u00f1o y reparaci\u00f3n de equipo est\u00e1tico con estampe ASME, adaptado a cada necesidad operative\n\t\t\t\t\t<\/p>\n\t\t\t\t<\/div>\n\t\t\t\t<\/div>\n\t\t\t\t<\/div>\n\t\t<div class=\"elementor-element elementor-element-1223cca0 e-con-full e-flex elementor-invisible e-con e-child\" data-id=\"1223cca0\" data-element_type=\"container\" data-e-type=\"container\" data-settings=\"{&quot;animation&quot;:&quot;fadeInUp&quot;,&quot;animation_delay&quot;:200}\">\n\t\t\t\t<div class=\"elementor-element elementor-element-3b5879d4 elementor-widget elementor-widget-image\" data-id=\"3b5879d4\" data-element_type=\"widget\" data-e-type=\"widget\" data-widget_type=\"image.default\">\n\t\t\t\t\t\t\t\t\t\t\t\t\t\t\t<img decoding=\"async\" src=\"https:\/\/emoltda.com\/Emo-quirozagencia.com\/wp-content\/uploads\/elementor\/thumbs\/IMG_1392-rkzqim92fg4rc93jb8719c0n5m0vmpu4uroddg1vxs.jpeg\" title=\"IMG_1392\" alt=\"IMG_1392\" loading=\"lazy\" \/>\t\t\t\t\t\t\t\t\t\t\t\t\t\t\t<\/div>\n\t\t<div class=\"elementor-element elementor-element-324236ce e-con-full e-flex e-con e-child\" data-id=\"324236ce\" data-element_type=\"container\" data-e-type=\"container\" data-settings=\"{&quot;position&quot;:&quot;absolute&quot;}\">\n\t\t<div class=\"elementor-element elementor-element-7ed3b633 e-con-full e-flex e-con e-child\" data-id=\"7ed3b633\" data-element_type=\"container\" data-e-type=\"container\" data-settings=\"{&quot;background_background&quot;:&quot;classic&quot;}\">\n\t\t\t\t<div class=\"elementor-element elementor-element-1bc9f3e elementor-widget elementor-widget-heading\" data-id=\"1bc9f3e\" data-element_type=\"widget\" data-e-type=\"widget\" data-widget_type=\"heading.default\">\n\t\t\t\t\t<h5 class=\"elementor-heading-title elementor-size-default\"><a href=\"#\">Modelamiento CAD y simulaci\u00f3n estructural <\/a><\/h5>\t\t\t\t<\/div>\n\t\t\t\t\t\t\t\t<p class=\"e-bd8af6a-a7e58aa e-paragraph-base\" data-interaction-id=\"bd8af6a\" data-interactions=\"&#x5B;&#x5D;\"  >\n\t\t\t\t\t\t\t\tIngenier\u00eda aplicada para an\u00e1lisis y refuerzo de estructuras bajo normativas vigentes.\n\t\t\t\t\t<\/p>\n\t\t\t\t<\/div>\n\t\t\t\t<\/div>\n\t\t\t\t<\/div>\n\t\t\t\t<\/div>\n\t\t<div class=\"elementor-element elementor-element-6c94dd1e e-con-full e-flex e-con e-child\" data-id=\"6c94dd1e\" data-element_type=\"container\" data-e-type=\"container\">\n\t\t<div class=\"elementor-element elementor-element-26931ad1 e-con-full e-flex elementor-invisible e-con e-child\" data-id=\"26931ad1\" data-element_type=\"container\" data-e-type=\"container\" data-settings=\"{&quot;animation&quot;:&quot;fadeInUp&quot;}\">\n\t\t<div class=\"elementor-element elementor-element-78acdcff e-con-full e-flex elementor-invisible e-con e-child\" data-id=\"78acdcff\" data-element_type=\"container\" data-e-type=\"container\" data-settings=\"{&quot;animation&quot;:&quot;fadeInUp&quot;,&quot;animation_delay&quot;:400}\">\n\t\t\t\t<div class=\"elementor-element elementor-element-1c679f2 elementor-widget elementor-widget-image\" data-id=\"1c679f2\" data-element_type=\"widget\" data-e-type=\"widget\" data-widget_type=\"image.default\">\n\t\t\t\t\t\t\t\t\t\t\t\t\t\t\t<img decoding=\"async\" src=\"https:\/\/emoltda.com\/Emo-quirozagencia.com\/wp-content\/uploads\/elementor\/thumbs\/IMG_6886-rkzs9wpulurt315xql2p5d1z3m2lx13hk11co67kz4.jpeg\" title=\"IMG_6886\" alt=\"IMG_6886\" loading=\"lazy\" \/>\t\t\t\t\t\t\t\t\t\t\t\t\t\t\t<\/div>\n\t\t<div class=\"elementor-element elementor-element-17747386 e-con-full e-flex e-con e-child\" data-id=\"17747386\" data-element_type=\"container\" data-e-type=\"container\" data-settings=\"{&quot;position&quot;:&quot;absolute&quot;}\">\n\t\t<div class=\"elementor-element elementor-element-4076ec6a e-con-full e-flex e-con e-child\" data-id=\"4076ec6a\" data-element_type=\"container\" data-e-type=\"container\" data-settings=\"{&quot;background_background&quot;:&quot;classic&quot;}\">\n\t\t\t\t<div class=\"elementor-element elementor-element-8c7670c elementor-widget elementor-widget-heading\" data-id=\"8c7670c\" data-element_type=\"widget\" data-e-type=\"widget\" data-widget_type=\"heading.default\">\n\t\t\t\t\t<h5 class=\"elementor-heading-title elementor-size-default\"><a href=\"#\">Puente gr\u00faa: fabricaci\u00f3n y reparaci\u00f3n <\/a><\/h5>\t\t\t\t<\/div>\n\t\t\t\t\t\t\t\t<p class=\"e-965350d-4552b3c e-paragraph-base\" data-interaction-id=\"965350d\" data-interactions=\"&#x5B;&#x5D;\"  >\n\t\t\t\t\t\t\t\tConstrucci\u00f3n y mejora de sistemas de izaje certificados, con componentes originales y servicios en campo.\n\t\t\t\t\t<\/p>\n\t\t\t\t<\/div>\n\t\t\t\t<\/div>\n\t\t\t\t<\/div>\n\t\t\t\t<\/div>\n\t\t<div class=\"elementor-element elementor-element-626fe97 e-con-full e-flex elementor-invisible e-con e-child\" data-id=\"626fe97\" data-element_type=\"container\" data-e-type=\"container\" data-settings=\"{&quot;animation&quot;:&quot;fadeInUp&quot;,&quot;animation_delay&quot;:200}\">\n\t\t<div class=\"elementor-element elementor-element-ea358af e-con-full e-flex elementor-invisible e-con e-child\" data-id=\"ea358af\" data-element_type=\"container\" data-e-type=\"container\" data-settings=\"{&quot;animation&quot;:&quot;fadeInUp&quot;,&quot;animation_delay&quot;:400}\">\n\t\t\t\t<div class=\"elementor-element elementor-element-65d37f8 elementor-widget elementor-widget-image\" data-id=\"65d37f8\" data-element_type=\"widget\" data-e-type=\"widget\" data-widget_type=\"image.default\">\n\t\t\t\t\t\t\t\t\t\t\t\t\t\t\t<img decoding=\"async\" src=\"https:\/\/emoltda.com\/Emo-quirozagencia.com\/wp-content\/uploads\/elementor\/thumbs\/IMG_3100-rkzsceycty7c1liv3o2vsqa84lpufz1pwfnyqqhsds.jpeg\" title=\"IMG_3100\" alt=\"IMG_3100\" loading=\"lazy\" \/>\t\t\t\t\t\t\t\t\t\t\t\t\t\t\t<\/div>\n\t\t<div class=\"elementor-element elementor-element-bebc426 e-con-full e-flex e-con e-child\" data-id=\"bebc426\" data-element_type=\"container\" data-e-type=\"container\" data-settings=\"{&quot;position&quot;:&quot;absolute&quot;}\">\n\t\t<div class=\"elementor-element elementor-element-feea464 e-con-full e-flex e-con e-child\" data-id=\"feea464\" data-element_type=\"container\" data-e-type=\"container\" data-settings=\"{&quot;background_background&quot;:&quot;classic&quot;}\">\n\t\t\t\t<div class=\"elementor-element elementor-element-fe00857 elementor-widget elementor-widget-heading\" data-id=\"fe00857\" data-element_type=\"widget\" data-e-type=\"widget\" data-widget_type=\"heading.default\">\n\t\t\t\t\t<h5 class=\"elementor-heading-title elementor-size-default\"><a href=\"#\">Mantenimiento industrial especializado <\/a><\/h5>\t\t\t\t<\/div>\n\t\t\t\t\t\t\t\t<p class=\"e-fafdfbf-6fb96b0 e-paragraph-base\" data-interaction-id=\"fafdfbf\" data-interactions=\"&#x5B;&#x5D;\"  >\n\t\t\t\t\t\t\t\tIntervenci\u00f3n en bombas, acumuladores hidr\u00e1ulicos, bearing box, motores el\u00e9ctricos y dem\u00e1s equipos de producci\u00f3n, con atenci\u00f3n en campo o en planta\n\t\t\t\t\t<\/p>\n\t\t\t\t<\/div>\n\t\t\t\t<\/div>\n\t\t\t\t<\/div>\n\t\t\t\t<\/div>\n\t\t\t\t<\/div>\n\t\t\t\t\t<\/div>\n\t\t\t\t<\/div>\n\t\t<div class=\"elementor-element elementor-element-fd41658 e-flex e-con-boxed e-con e-parent\" data-id=\"fd41658\" data-element_type=\"container\" data-e-type=\"container\" data-settings=\"{&quot;background_background&quot;:&quot;classic&quot;}\">\n\t\t\t\t\t<div class=\"e-con-inner\">\n\t\t<div class=\"elementor-element elementor-element-32c74cc e-con-full e-flex e-con e-child\" data-id=\"32c74cc\" data-element_type=\"container\" data-e-type=\"container\" data-settings=\"{&quot;background_background&quot;:&quot;classic&quot;}\">\n\t\t<div class=\"elementor-element elementor-element-ce15f20 e-con-full e-flex e-con e-child\" data-id=\"ce15f20\" data-element_type=\"container\" data-e-type=\"container\" data-settings=\"{&quot;background_background&quot;:&quot;classic&quot;}\">\n\t\t\t\t<div class=\"elementor-element elementor-element-1ac679c elementor-invisible elementor-widget elementor-widget-heading\" data-id=\"1ac679c\" data-element_type=\"widget\" data-e-type=\"widget\" data-settings=\"{&quot;_animation&quot;:&quot;fadeInUp&quot;}\" data-widget_type=\"heading.default\">\n\t\t\t\t\t<h3 class=\"elementor-heading-title elementor-size-default\">Haz realidad tu pr\u00f3ximo proyecto industrial con EMO LTDA.\n\n<\/h3>\t\t\t\t<\/div>\n\t\t\t\t<div class=\"elementor-element elementor-element-7a34435 elementor-invisible elementor-widget elementor-widget-text-editor\" data-id=\"7a34435\" data-element_type=\"widget\" data-e-type=\"widget\" data-settings=\"{&quot;_animation&quot;:&quot;fadeInUp&quot;}\" data-widget_type=\"text-editor.default\">\n\t\t\t\t\t\t\t\t\t<p>Nuestro equipo especializado est\u00e1 listo para brindarte acompa\u00f1amiento y resultados garantizados.<\/p>\t\t\t\t\t\t\t\t<\/div>\n\t\t\t\t<div class=\"elementor-element elementor-element-caa92c0 elementor-invisible elementor-widget elementor-widget-button\" data-id=\"caa92c0\" data-element_type=\"widget\" data-e-type=\"widget\" data-settings=\"{&quot;_animation&quot;:&quot;fadeInUp&quot;}\" data-widget_type=\"button.default\">\n\t\t\t\t\t\t\t\t\t\t<a class=\"elementor-button elementor-button-link elementor-size-sm\" href=\"#\">\n\t\t\t\t\t\t<span class=\"elementor-button-content-wrapper\">\n\t\t\t\t\t\t<span class=\"elementor-button-icon\">\n\t\t\t\t<svg aria-hidden=\"true\" class=\"e-font-icon-svg e-fab-whatsapp\" viewBox=\"0 0 448 512\" xmlns=\"http:\/\/www.w3.org\/2000\/svg\"><path d=\"M380.9 97.1C339 55.1 283.2 32 223.9 32c-122.4 0-222 99.6-222 222 0 39.1 10.2 77.3 29.6 111L0 480l117.7-30.9c32.4 17.7 68.9 27 106.1 27h.1c122.3 0 224.1-99.6 224.1-222 0-59.3-25.2-115-67.1-157zm-157 341.6c-33.2 0-65.7-8.9-94-25.7l-6.7-4-69.8 18.3L72 359.2l-4.4-7c-18.5-29.4-28.2-63.3-28.2-98.2 0-101.7 82.8-184.5 184.6-184.5 49.3 0 95.6 19.2 130.4 54.1 34.8 34.9 56.2 81.2 56.1 130.5 0 101.8-84.9 184.6-186.6 184.6zm101.2-138.2c-5.5-2.8-32.8-16.2-37.9-18-5.1-1.9-8.8-2.8-12.5 2.8-3.7 5.6-14.3 18-17.6 21.8-3.2 3.7-6.5 4.2-12 1.4-32.6-16.3-54-29.1-75.5-66-5.7-9.8 5.7-9.1 16.3-30.3 1.8-3.7.9-6.9-.5-9.7-1.4-2.8-12.5-30.1-17.1-41.2-4.5-10.8-9.1-9.3-12.5-9.5-3.2-.2-6.9-.2-10.6-.2-3.7 0-9.7 1.4-14.8 6.9-5.1 5.6-19.4 19-19.4 46.3 0 27.3 19.9 53.7 22.6 57.4 2.8 3.7 39.1 59.7 94.8 83.8 35.2 15.2 49 16.5 66.6 13.9 10.7-1.6 32.8-13.4 37.4-26.4 4.6-13 4.6-24.1 3.2-26.4-1.3-2.5-5-3.9-10.5-6.6z\"><\/path><\/svg>\t\t\t<\/span>\n\t\t\t\t\t\t\t\t\t<span class=\"elementor-button-text\">Cont\u00e1ctanos<\/span>\n\t\t\t\t\t<\/span>\n\t\t\t\t\t<\/a>\n\t\t\t\t\t\t\t\t<\/div>\n\t\t\t\t<\/div>\n\t\t<div class=\"elementor-element elementor-element-3beb16e e-con-full e-flex e-con e-child\" data-id=\"3beb16e\" data-element_type=\"container\" data-e-type=\"container\">\n\t\t\t\t<div class=\"elementor-element elementor-element-f13627f elementor-invisible elementor-widget elementor-widget-image\" data-id=\"f13627f\" data-element_type=\"widget\" data-e-type=\"widget\" data-settings=\"{&quot;_animation&quot;:&quot;fadeInUp&quot;}\" data-widget_type=\"image.default\">\n\t\t\t\t\t\t\t\t\t\t\t\t\t\t\t<img fetchpriority=\"high\" decoding=\"async\" width=\"800\" height=\"800\" src=\"https:\/\/emoltda.com\/Emo-quirozagencia.com\/wp-content\/uploads\/2025\/08\/19.webp\" class=\"attachment-full size-full wp-image-31\" alt=\"\" srcset=\"https:\/\/emoltda.com\/Emo-quirozagencia.com\/wp-content\/uploads\/2025\/08\/19.webp 800w, https:\/\/emoltda.com\/Emo-quirozagencia.com\/wp-content\/uploads\/2025\/08\/19-300x300.webp 300w, https:\/\/emoltda.com\/Emo-quirozagencia.com\/wp-content\/uploads\/2025\/08\/19-150x150.webp 150w, https:\/\/emoltda.com\/Emo-quirozagencia.com\/wp-content\/uploads\/2025\/08\/19-768x768.webp 768w\" sizes=\"(max-width: 800px) 100vw, 800px\" \/>\t\t\t\t\t\t\t\t\t\t\t\t\t\t\t<\/div>\n\t\t\t\t<\/div>\n\t\t\t\t<\/div>\n\t\t\t\t\t<\/div>\n\t\t\t\t<\/div>\n\t\t\t\t<\/div>\n\t\t","protected":false},"excerpt":{"rendered":"<p>Servicios En EMO LTDA convertimos los desaf\u00edos t\u00e9cnicos en soluciones confiables. Nuestro equipo especializado brinda servicios con enfoque pr\u00e1ctico, cumpliendo est\u00e1ndares nacionales e internacionales para garantizar seguridad, precisi\u00f3n y resultados que perduran: Sistema de filtraci\u00f3n industrial Representantes exclusivos en Colombia de FILTRATION SYSTEMS INC. Sistemas de filtraci\u00f3n para gas, aire, agua, hidrocarburos y combustibles, con [&hellip;]<\/p>\n","protected":false},"author":1,"featured_media":0,"parent":0,"menu_order":0,"comment_status":"closed","ping_status":"closed","template":"","meta":{"pagelayer_contact_templates":[],"_pagelayer_content":"","footnotes":""},"class_list":["post-146","page","type-page","status-publish","hentry"],"_links":{"self":[{"href":"https:\/\/emoltda.com\/Emo-quirozagencia.com\/wp-json\/wp\/v2\/pages\/146","targetHints":{"allow":["GET"]}}],"collection":[{"href":"https:\/\/emoltda.com\/Emo-quirozagencia.com\/wp-json\/wp\/v2\/pages"}],"about":[{"href":"https:\/\/emoltda.com\/Emo-quirozagencia.com\/wp-json\/wp\/v2\/types\/page"}],"author":[{"embeddable":true,"href":"https:\/\/emoltda.com\/Emo-quirozagencia.com\/wp-json\/wp\/v2\/users\/1"}],"replies":[{"embeddable":true,"href":"https:\/\/emoltda.com\/Emo-quirozagencia.com\/wp-json\/wp\/v2\/comments?post=146"}],"version-history":[{"count":17,"href":"https:\/\/emoltda.com\/Emo-quirozagencia.com\/wp-json\/wp\/v2\/pages\/146\/revisions"}],"predecessor-version":[{"id":326,"href":"https:\/\/emoltda.com\/Emo-quirozagencia.com\/wp-json\/wp\/v2\/pages\/146\/revisions\/326"}],"wp:attachment":[{"href":"https:\/\/emoltda.com\/Emo-quirozagencia.com\/wp-json\/wp\/v2\/media?parent=146"}],"curies":[{"name":"wp","href":"https:\/\/api.w.org\/{rel}","templated":true}]}}